{"id":5241,"date":"2025-07-04T21:52:35","date_gmt":"2025-07-04T21:52:35","guid":{"rendered":"https:\/\/ergriinmobiliaria.com\/propiedades\/?post_type=product&#038;p=5241"},"modified":"2025-07-04T21:53:57","modified_gmt":"2025-07-04T21:53:57","slug":"%f0%9f%8f%a1-residencia-en-venta-santa-anita-club-de-golf-%e2%80%bc","status":"publish","type":"product","link":"https:\/\/ergriinmobiliaria.com\/propiedades\/producto\/%f0%9f%8f%a1-residencia-en-venta-santa-anita-club-de-golf-%e2%80%bc\/","title":{"rendered":"\ud83c\udfe1 Residencia en Venta, Santa Anita Club de Golf \u203c \ud83d\udcb0Precio de Venta $31,500,000.00"},"content":{"rendered":"<p>\ud83c\udfe1 Residencia en Venta, Santa Anita Club de Golf \u203c<br \/>\n\ud83d\udccd Calle Paseo de las Jacarandas #252.<\/p>\n<p>\ud83c\udf1f Caracter\u00edsticas Destacadas:<br \/>\n\ud83c\udf7d Cocina Integral Grande e Iluminada con doble despensa y barra desayunador.<br \/>\n\ud83c\udf74Comedor y ante comedor, (se puede cambiar por \u00e1rea de juegos con billar y mesa de juegos).<br \/>\n\ud83d\udcda Biblioteca de madera con chimenea y con piso de lambrin en perfectas condiciones.<br \/>\n\ud83d\udecb Sala con Chimenea.<br \/>\n\ud83d\udecf 4 habitaciones; Principal con Chimenea, Vestidor, Tina, Aire Acondicionado en C\/U<br \/>\n\ud83d\udebf 5 Ba\u00f1os Completo.<br \/>\n\ud83c\udf33Jard\u00edn frontal, lateral, trasero con juegos infantiles.<br \/>\n\ud83c\udf7eTerraza para 50 personas con Barra cantina de granito ala de mosca negro con tarja (Las puertas de la terraza se abren y se cierran para dejar una sola puerta) abierta y\/o cerrada.<br \/>\n\ud83d\udebd 2 medios ba\u00f1os para servicio de la terraza.<br \/>\n\ud83e\uddfa Recamara de servicio con ba\u00f1o completo.<br \/>\n\ud83e\uddfc Cuarto de Servicio para 3 lavadoras.<br \/>\n\ud83d\ude97 6 Veh\u00edculos; Garage cerrado para 2 autos, cochera 2 techados y 2 en intemperie.                                                                                                                                                   \ud83d\udeaa Closet y ba\u00f1os completos en c\/u de las habitaciones.<br \/>\n&#8211; Bodega y 1\/2 ba\u00f1o para jardinero.<br \/>\n\ud83c\udf43 Excelente ventilaci\u00f3n e iluminaci\u00f3n en todos los espacios de la casa.                                                                                                                                                                                                                                          <\/p>\n<p>Plus:<br \/>\nVive al Sur de la ciudad de manera exclusiva, segura y tranquila, donde estar\u00e1s rodeado de naturaleza, seguridad 24\/7, Cerca de Escuelas, Galer\u00edas Santa Anita, y todo tipo de Comercio a tu alcance, Gran Iluminaci\u00f3n y Ventilaci\u00f3n que podr\u00e1s Disfrutar. Vista al Club de Golf.<br \/>\n\ud83c\udfe0 Construcci\u00f3n: 780.14 mts2.<br \/>\n\ud83c\udf0d Terreno: 1,335.47mts\u00b2<br \/>\n                                                                                                                                                                                                 \ud83d\udcb0Precio de Venta $31,500,000.00<\/p>\n","protected":false},"excerpt":{"rendered":"<p>\ud83d\udccd Calle Paseo de las Jacarandas #252.<\/p>\n","protected":false},"featured_media":5242,"template":"","meta":{"site-sidebar-layout":"default","site-content-layout":"","ast-site-content-layout":"default","site-content-style":"default","site-sidebar-style":"default","ast-global-header-display":"","ast-banner-title-visibility":"","ast-main-header-display":"","ast-hfb-above-header-display":"","ast-hfb-below-header-display":"","ast-hfb-mobile-header-display":"","site-post-title":"","ast-breadcrumbs-content":"","ast-featured-img":"","footer-sml-layout":"","theme-transparent-header-meta":"default","adv-header-id-meta":"","stick-header-meta":"","header-above-stick-meta":"","header-main-stick-meta":"","header-below-stick-meta":"","astra-migrate-meta-layouts":"set","ast-page-background-enabled":"default","ast-page-background-meta":{"desktop":{"background-color":"","background-image":"","background-repeat":"repeat","background-position":"center center","background-size":"auto","background-attachment":"scroll","background-type":"","background-media":"","overlay-type":"","overlay-color":"","overlay-opacity":"","overlay-gradient":""},"tablet":{"background-color":"","background-image":"","background-repeat":"repeat","background-position":"center center","background-size":"auto","background-attachment":"scroll","background-type":"","background-media":"","overlay-type":"","overlay-color":"","overlay-opacity":"","overlay-gradient":""},"mobile":{"background-color":"","background-image":"","background-repeat":"repeat","background-position":"center center","background-size":"auto","background-attachment":"scroll","background-type":"","background-media":"","overlay-type":"","overlay-color":"","overlay-opacity":"","overlay-gradient":""}},"ast-content-background-meta":{"desktop":{"background-color":"var(--ast-global-color-5)","background-image":"","background-repeat":"repeat","background-position":"center center","background-size":"auto","background-attachment":"scroll","background-type":"","background-media":"","overlay-type":"","overlay-color":"","overlay-opacity":"","overlay-gradient":""},"tablet":{"background-color":"var(--ast-global-color-5)","background-image":"","background-repeat":"repeat","background-position":"center center","background-size":"auto","background-attachment":"scroll","background-type":"","background-media":"","overlay-type":"","overlay-color":"","overlay-opacity":"","overlay-gradient":""},"mobile":{"background-color":"var(--ast-global-color-5)","background-image":"","background-repeat":"repeat","background-position":"center center","background-size":"auto","background-attachment":"scroll","background-type":"","background-media":"","overlay-type":"","overlay-color":"","overlay-opacity":"","overlay-gradient":""}}},"product_brand":[],"product_cat":[23],"product_tag":[],"class_list":{"0":"post-5241","1":"product","2":"type-product","3":"status-publish","4":"has-post-thumbnail","6":"product_cat-casas","7":"desktop-align-left","8":"tablet-align-left","9":"mobile-align-left","11":"first","12":"instock","13":"shipping-taxable","14":"product-type-simple"},"_links":{"self":[{"href":"https:\/\/ergriinmobiliaria.com\/propiedades\/wp-json\/wp\/v2\/product\/5241","targetHints":{"allow":["GET"]}}],"collection":[{"href":"https:\/\/ergriinmobiliaria.com\/propiedades\/wp-json\/wp\/v2\/product"}],"about":[{"href":"https:\/\/ergriinmobiliaria.com\/propiedades\/wp-json\/wp\/v2\/types\/product"}],"wp:featuredmedia":[{"embeddable":true,"href":"https:\/\/ergriinmobiliaria.com\/propiedades\/wp-json\/wp\/v2\/media\/5242"}],"wp:attachment":[{"href":"https:\/\/ergriinmobiliaria.com\/propiedades\/wp-json\/wp\/v2\/media?parent=5241"}],"wp:term":[{"taxonomy":"product_brand","embeddable":true,"href":"https:\/\/ergriinmobiliaria.com\/propiedades\/wp-json\/wp\/v2\/product_brand?post=5241"},{"taxonomy":"product_cat","embeddable":true,"href":"https:\/\/ergriinmobiliaria.com\/propiedades\/wp-json\/wp\/v2\/product_cat?post=5241"},{"taxonomy":"product_tag","embeddable":true,"href":"https:\/\/ergriinmobiliaria.com\/propiedades\/wp-json\/wp\/v2\/product_tag?post=5241"}],"curies":[{"name":"wp","href":"https:\/\/api.w.org\/{rel}","templated":true}]}}