{"id":5253,"date":"2025-07-04T21:56:12","date_gmt":"2025-07-04T21:56:12","guid":{"rendered":"https:\/\/ergriinmobiliaria.com\/propiedades\/?post_type=product&#038;p=5253"},"modified":"2025-07-04T21:56:12","modified_gmt":"2025-07-04T21:56:12","slug":"%f0%9f%8f%a1-casa-en-venta-esquina-col-americana%e2%80%bc-%f0%9f%92%b0precio-de-venta-15900000-00","status":"publish","type":"product","link":"https:\/\/ergriinmobiliaria.com\/propiedades\/producto\/%f0%9f%8f%a1-casa-en-venta-esquina-col-americana%e2%80%bc-%f0%9f%92%b0precio-de-venta-15900000-00\/","title":{"rendered":"\ud83c\udfe1 Casa en Venta, Esquina, Col. Americana\u203c \ud83d\udcb0Precio de Venta $15,900,000.00"},"content":{"rendered":"<p>\ud83c\udfe1 Casa en Venta, Esquina, Col. Americana\u203c<br \/>\n\ud83d\udccd Calle Pedro Moreno #1094, Esquina Argentina, Colonia Americana, Guadalajara, Jalisco.                                                                                                                                                                                    <\/p>\n<p>\ud83d\udd1dPlus:<br \/>\nPropiedad con Gran potencial para desarrollo Vertical (8niveles) o Comercial por los Giros y usos, en una Zona de alta plusval\u00eda, en la colonia m\u00e1s codiciada de GDL, Esquina\u2757con magnifica ubicaci\u00f3n, todo tipo de negocios y comercios en los alrededores, cont\u00e1ctanos\u203c<br \/>\n\ud83d\udee4 Cerca de Chapu, Expiatorio, Escuelas y todo tipo de comercios en alrededores, avenidas como Vallarta, Enrique D\u00edaz de Leon, Federalismo, La Paz, Ni\u00f1os H\u00e9roes.<br \/>\n\ud83d\ude89 Cerca de Tren ligero y rutas de camiones. accesibles. <\/p>\n<p>\ud83c\udf1f Caracter\u00edsticas Destacadas:                                                                                                                                                     Primer Nivel;<br \/>\n\ud83d\ude97 Cochera para 8 Veh\u00edculos.                                                                                                                                      \ud83d\udcc1Recepci\u00f3n\/Recibidor.<br \/>\n\ud83d\udebdMedio ba\u00f1o.<br \/>\n\ud83d\udda5Espacio de Sala de Juntas<br \/>\n\ud83c\udf7dCocina.<br \/>\n\u260eespacio de Trabajo amplio<br \/>\n2 oficinas con vista patio central<br \/>\n\ud83e\udeb4patio central.<br \/>\nSegundo Nivel;<br \/>\n\ud83d\uddc46 espacio de oficina.<br \/>\n\ud83d\udec14 ba\u00f1os completos.<br \/>\nDistribuidor amplio que divide las oficinas.                                                                                            \ud83c\udf43 Excelente ventilaci\u00f3n e iluminaci\u00f3n.                                                                                                                                                                                                                                          <\/p>\n<p>\ud83d\udcdd Detalles de la Propiedad:<br \/>\n\ud83c\udfe0 Construcci\u00f3n: 539.00 mts. (aprox)<br \/>\n\ud83c\udf0d Terreno: 393.00mts\u00b2                                                                                                                                                                                             <\/p>\n<p>\ud83d\udcb0Precio de Venta $15,900,000.00<\/p>\n","protected":false},"excerpt":{"rendered":"<p>\ud83c\udfe1 Casa en Venta, Esquina, Col. Americana\u203c<br \/>\n\ud83d\udccd Calle Pedro Moreno #1094, Esquina Argentina, Colonia Americana, Guadalajara, Jalisco.   <\/p>\n","protected":false},"featured_media":5254,"template":"","meta":{"site-sidebar-layout":"default","site-content-layout":"","ast-site-content-layout":"default","site-content-style":"default","site-sidebar-style":"default","ast-global-header-display":"","ast-banner-title-visibility":"","ast-main-header-display":"","ast-hfb-above-header-display":"","ast-hfb-below-header-display":"","ast-hfb-mobile-header-display":"","site-post-title":"","ast-breadcrumbs-content":"","ast-featured-img":"","footer-sml-layout":"","theme-transparent-header-meta":"default","adv-header-id-meta":"","stick-header-meta":"","header-above-stick-meta":"","header-main-stick-meta":"","header-below-stick-meta":"","astra-migrate-meta-layouts":"set","ast-page-background-enabled":"default","ast-page-background-meta":{"desktop":{"background-color":"","background-image":"","background-repeat":"repeat","background-position":"center center","background-size":"auto","background-attachment":"scroll","background-type":"","background-media":"","overlay-type":"","overlay-color":"","overlay-opacity":"","overlay-gradient":""},"tablet":{"background-color":"","background-image":"","background-repeat":"repeat","background-position":"center center","background-size":"auto","background-attachment":"scroll","background-type":"","background-media":"","overlay-type":"","overlay-color":"","overlay-opacity":"","overlay-gradient":""},"mobile":{"background-color":"","background-image":"","background-repeat":"repeat","background-position":"center center","background-size":"auto","background-attachment":"scroll","background-type":"","background-media":"","overlay-type":"","overlay-color":"","overlay-opacity":"","overlay-gradient":""}},"ast-content-background-meta":{"desktop":{"background-color":"var(--ast-global-color-5)","background-image":"","background-repeat":"repeat","background-position":"center center","background-size":"auto","background-attachment":"scroll","background-type":"","background-media":"","overlay-type":"","overlay-color":"","overlay-opacity":"","overlay-gradient":""},"tablet":{"background-color":"var(--ast-global-color-5)","background-image":"","background-repeat":"repeat","background-position":"center center","background-size":"auto","background-attachment":"scroll","background-type":"","background-media":"","overlay-type":"","overlay-color":"","overlay-opacity":"","overlay-gradient":""},"mobile":{"background-color":"var(--ast-global-color-5)","background-image":"","background-repeat":"repeat","background-position":"center center","background-size":"auto","background-attachment":"scroll","background-type":"","background-media":"","overlay-type":"","overlay-color":"","overlay-opacity":"","overlay-gradient":""}}},"product_brand":[],"product_cat":[23],"product_tag":[],"class_list":{"0":"post-5253","1":"product","2":"type-product","3":"status-publish","4":"has-post-thumbnail","6":"product_cat-casas","7":"desktop-align-left","8":"tablet-align-left","9":"mobile-align-left","11":"first","12":"instock","13":"shipping-taxable","14":"product-type-simple"},"_links":{"self":[{"href":"https:\/\/ergriinmobiliaria.com\/propiedades\/wp-json\/wp\/v2\/product\/5253","targetHints":{"allow":["GET"]}}],"collection":[{"href":"https:\/\/ergriinmobiliaria.com\/propiedades\/wp-json\/wp\/v2\/product"}],"about":[{"href":"https:\/\/ergriinmobiliaria.com\/propiedades\/wp-json\/wp\/v2\/types\/product"}],"wp:featuredmedia":[{"embeddable":true,"href":"https:\/\/ergriinmobiliaria.com\/propiedades\/wp-json\/wp\/v2\/media\/5254"}],"wp:attachment":[{"href":"https:\/\/ergriinmobiliaria.com\/propiedades\/wp-json\/wp\/v2\/media?parent=5253"}],"wp:term":[{"taxonomy":"product_brand","embeddable":true,"href":"https:\/\/ergriinmobiliaria.com\/propiedades\/wp-json\/wp\/v2\/product_brand?post=5253"},{"taxonomy":"product_cat","embeddable":true,"href":"https:\/\/ergriinmobiliaria.com\/propiedades\/wp-json\/wp\/v2\/product_cat?post=5253"},{"taxonomy":"product_tag","embeddable":true,"href":"https:\/\/ergriinmobiliaria.com\/propiedades\/wp-json\/wp\/v2\/product_tag?post=5253"}],"curies":[{"name":"wp","href":"https:\/\/api.w.org\/{rel}","templated":true}]}}