{"id":5298,"date":"2025-07-08T02:21:53","date_gmt":"2025-07-08T02:21:53","guid":{"rendered":"https:\/\/ergriinmobiliaria.com\/propiedades\/?post_type=product&#038;p=5298"},"modified":"2025-07-08T02:22:01","modified_gmt":"2025-07-08T02:22:01","slug":"%f0%9f%8f%a1-casa-de-campo-venta-fracc-san-diego-tlajomulco-de-zuniga-%f0%9f%92%b0precio-de-venta-4850000-00","status":"publish","type":"product","link":"https:\/\/ergriinmobiliaria.com\/propiedades\/producto\/%f0%9f%8f%a1-casa-de-campo-venta-fracc-san-diego-tlajomulco-de-zuniga-%f0%9f%92%b0precio-de-venta-4850000-00\/","title":{"rendered":"\ud83c\udfe1 Casa de Campo Venta, Fracc. San Diego, Tlajomulco\u00a0de\u00a0Zu\u00f1iga \ud83d\udcb0Precio de Venta $4,850,000.00"},"content":{"rendered":"<p>\ud83c\udfd5 Bonita casa de Campo en Venta! \u00a1Pasa esos momentos tan especiales con tu familia y amigos, cerca de la ciudad!<br \/>\nEn un entorno natural! \u00a1ESQUINA!<br \/>\nFracc. San Diego, Tlajomulco de Z\u00fa\u00f1iga, Jalisco.<br \/>\n\ud83c\udfe1 Con una superficie de 800 mts2 Aprox. la cual consta de su barda perimetral, y esta distribuida de la siguiente manera; \u00a1Ingreso con 3 estacionamientos, port\u00f3n el\u00e9ctrico, 2 ba\u00f1os \ud83d\udebb para caballeros y damas, terraza con p\u00e9rgola, Sala Comedor y cantina con vista al jard\u00edn, bodega arriba de los ba\u00f1os, y una fuente para crear un ambiente de armon\u00eda, Jard\u00edn amplio para todos tus eventos y una Vista a carretera y a monta\u00f1as \ud83c\udfd4 creando un ambiente perfecto!<br \/>\ntoda la documentaci\u00f3n est\u00e1 en regla lista para escriturar<br \/>\n\ud83d\udcb0Precio de Venta $4,850,000.00<\/p>\n","protected":false},"excerpt":{"rendered":"<p>\ud83c\udfd5 Bonita casa de Campo en Venta! \u00a1Pasa esos momentos tan especiales con tu familia y amigos, cerca de la ciudad!<br \/>\nEn un entorno natural! \u00a1ESQUINA!<\/p>\n","protected":false},"featured_media":5299,"template":"","meta":{"site-sidebar-layout":"default","site-content-layout":"","ast-site-content-layout":"default","site-content-style":"default","site-sidebar-style":"default","ast-global-header-display":"","ast-banner-title-visibility":"","ast-main-header-display":"","ast-hfb-above-header-display":"","ast-hfb-below-header-display":"","ast-hfb-mobile-header-display":"","site-post-title":"","ast-breadcrumbs-content":"","ast-featured-img":"","footer-sml-layout":"","theme-transparent-header-meta":"default","adv-header-id-meta":"","stick-header-meta":"","header-above-stick-meta":"","header-main-stick-meta":"","header-below-stick-meta":"","astra-migrate-meta-layouts":"set","ast-page-background-enabled":"default","ast-page-background-meta":{"desktop":{"background-color":"","background-image":"","background-repeat":"repeat","background-position":"center center","background-size":"auto","background-attachment":"scroll","background-type":"","background-media":"","overlay-type":"","overlay-color":"","overlay-opacity":"","overlay-gradient":""},"tablet":{"background-color":"","background-image":"","background-repeat":"repeat","background-position":"center center","background-size":"auto","background-attachment":"scroll","background-type":"","background-media":"","overlay-type":"","overlay-color":"","overlay-opacity":"","overlay-gradient":""},"mobile":{"background-color":"","background-image":"","background-repeat":"repeat","background-position":"center center","background-size":"auto","background-attachment":"scroll","background-type":"","background-media":"","overlay-type":"","overlay-color":"","overlay-opacity":"","overlay-gradient":""}},"ast-content-background-meta":{"desktop":{"background-color":"var(--ast-global-color-5)","background-image":"","background-repeat":"repeat","background-position":"center center","background-size":"auto","background-attachment":"scroll","background-type":"","background-media":"","overlay-type":"","overlay-color":"","overlay-opacity":"","overlay-gradient":""},"tablet":{"background-color":"var(--ast-global-color-5)","background-image":"","background-repeat":"repeat","background-position":"center center","background-size":"auto","background-attachment":"scroll","background-type":"","background-media":"","overlay-type":"","overlay-color":"","overlay-opacity":"","overlay-gradient":""},"mobile":{"background-color":"var(--ast-global-color-5)","background-image":"","background-repeat":"repeat","background-position":"center center","background-size":"auto","background-attachment":"scroll","background-type":"","background-media":"","overlay-type":"","overlay-color":"","overlay-opacity":"","overlay-gradient":""}}},"product_brand":[],"product_cat":[23],"product_tag":[],"class_list":{"0":"post-5298","1":"product","2":"type-product","3":"status-publish","4":"has-post-thumbnail","6":"product_cat-casas","7":"desktop-align-left","8":"tablet-align-left","9":"mobile-align-left","11":"first","12":"instock","13":"shipping-taxable","14":"product-type-simple"},"_links":{"self":[{"href":"https:\/\/ergriinmobiliaria.com\/propiedades\/wp-json\/wp\/v2\/product\/5298","targetHints":{"allow":["GET"]}}],"collection":[{"href":"https:\/\/ergriinmobiliaria.com\/propiedades\/wp-json\/wp\/v2\/product"}],"about":[{"href":"https:\/\/ergriinmobiliaria.com\/propiedades\/wp-json\/wp\/v2\/types\/product"}],"wp:featuredmedia":[{"embeddable":true,"href":"https:\/\/ergriinmobiliaria.com\/propiedades\/wp-json\/wp\/v2\/media\/5299"}],"wp:attachment":[{"href":"https:\/\/ergriinmobiliaria.com\/propiedades\/wp-json\/wp\/v2\/media?parent=5298"}],"wp:term":[{"taxonomy":"product_brand","embeddable":true,"href":"https:\/\/ergriinmobiliaria.com\/propiedades\/wp-json\/wp\/v2\/product_brand?post=5298"},{"taxonomy":"product_cat","embeddable":true,"href":"https:\/\/ergriinmobiliaria.com\/propiedades\/wp-json\/wp\/v2\/product_cat?post=5298"},{"taxonomy":"product_tag","embeddable":true,"href":"https:\/\/ergriinmobiliaria.com\/propiedades\/wp-json\/wp\/v2\/product_tag?post=5298"}],"curies":[{"name":"wp","href":"https:\/\/api.w.org\/{rel}","templated":true}]}}