{"id":5314,"date":"2025-07-08T02:27:00","date_gmt":"2025-07-08T02:27:00","guid":{"rendered":"https:\/\/ergriinmobiliaria.com\/propiedades\/?post_type=product&#038;p=5314"},"modified":"2025-07-08T02:29:02","modified_gmt":"2025-07-08T02:29:02","slug":"%f0%9f%8f%a1-casa-en-venta-bosques-del-centinela%e2%80%bc-%f0%9f%92%b0precio-de-venta-1860000-00","status":"publish","type":"product","link":"https:\/\/ergriinmobiliaria.com\/propiedades\/producto\/%f0%9f%8f%a1-casa-en-venta-bosques-del-centinela%e2%80%bc-%f0%9f%92%b0precio-de-venta-1860000-00\/","title":{"rendered":"\ud83c\udfe1 Casa en Venta, Bosques del Centinela\u203c \ud83d\udcb0Precio de Venta $1,860,000.00"},"content":{"rendered":"<p>\ud83c\udfe1 Casa en Venta, Bosques del Centinela\u203c<br \/>\n\ud83d\udccd Calle Cerrada del Centinela 35, Interior #992 Bosques del Centinela Zapopan, Jalisco.<br \/>\n\ud83d\udcdd Detalles de la Propiedad:<br \/>\n\ud83c\udfe0 Construcci\u00f3n: 53mts.<br \/>\n\ud83c\udf0d Terreno: 63mts\u00b2<br \/>\n\ud83c\udf1f Caracter\u00edsticas Destacadas:<br \/>\n\ud83d\udecf 2 Rec\u00e1maras<br \/>\n\ud83d\udebf 1 Ba\u00f1o Completo.<br \/>\n\ud83d\udecb Sala y Comedor.<br \/>\n\ud83c\udf7d Cocina Integral.<br \/>\n\ud83e\uddfa Patio de servicio amplio.<br \/>\n\ud83e\udeb4 Medio Ba\u00f1o en planta baja.<br \/>\n\ud83d\ude97 Cochera para 1 Veh\u00edculo. (justo afuera de la casa)<br \/>\n\ud83c\udf43 Excelente iluminaci\u00f3n en la casa.<\/p>\n<p>\ud83d\udd1dPlus:<br \/>\nZona tranquila dentro de coto, donde no tienes vecino lateral, y con magnifica ubicaci\u00f3n, todo tipo de negocios y comercios en los alrededores, Agenda tu cita\u2757<br \/>\n\ud83d\udee4 Cerca de Cucea, Auditorio Telmex, Estadio de B\u00e9isbol Charros, Costco, As\u00ed como avenidas Perif\u00e9rico, Parres Arias, R\u00edo Blanco, Escuelas y Parques. \ud83d\ude89 Cerca de Peribus y rutas de camiones accesibles.<br \/>\n\ud83d\udcb0Precio de Venta $1,860,000.00<\/p>\n","protected":false},"excerpt":{"rendered":"<p>\ud83c\udfe1 Casa en Venta, Bosques del Centinela\u203c<br \/>\n\ud83d\udccd Calle Cerrada del Centinela 35, Interior #992 Bosques del Centinela Zapopan, Jalisco.<\/p>\n","protected":false},"featured_media":5315,"template":"","meta":{"site-sidebar-layout":"default","site-content-layout":"","ast-site-content-layout":"default","site-content-style":"default","site-sidebar-style":"default","ast-global-header-display":"","ast-banner-title-visibility":"","ast-main-header-display":"","ast-hfb-above-header-display":"","ast-hfb-below-header-display":"","ast-hfb-mobile-header-display":"","site-post-title":"","ast-breadcrumbs-content":"","ast-featured-img":"","footer-sml-layout":"","theme-transparent-header-meta":"default","adv-header-id-meta":"","stick-header-meta":"","header-above-stick-meta":"","header-main-stick-meta":"","header-below-stick-meta":"","astra-migrate-meta-layouts":"set","ast-page-background-enabled":"default","ast-page-background-meta":{"desktop":{"background-color":"","background-image":"","background-repeat":"repeat","background-position":"center center","background-size":"auto","background-attachment":"scroll","background-type":"","background-media":"","overlay-type":"","overlay-color":"","overlay-opacity":"","overlay-gradient":""},"tablet":{"background-color":"","background-image":"","background-repeat":"repeat","background-position":"center center","background-size":"auto","background-attachment":"scroll","background-type":"","background-media":"","overlay-type":"","overlay-color":"","overlay-opacity":"","overlay-gradient":""},"mobile":{"background-color":"","background-image":"","background-repeat":"repeat","background-position":"center center","background-size":"auto","background-attachment":"scroll","background-type":"","background-media":"","overlay-type":"","overlay-color":"","overlay-opacity":"","overlay-gradient":""}},"ast-content-background-meta":{"desktop":{"background-color":"var(--ast-global-color-5)","background-image":"","background-repeat":"repeat","background-position":"center center","background-size":"auto","background-attachment":"scroll","background-type":"","background-media":"","overlay-type":"","overlay-color":"","overlay-opacity":"","overlay-gradient":""},"tablet":{"background-color":"var(--ast-global-color-5)","background-image":"","background-repeat":"repeat","background-position":"center center","background-size":"auto","background-attachment":"scroll","background-type":"","background-media":"","overlay-type":"","overlay-color":"","overlay-opacity":"","overlay-gradient":""},"mobile":{"background-color":"var(--ast-global-color-5)","background-image":"","background-repeat":"repeat","background-position":"center center","background-size":"auto","background-attachment":"scroll","background-type":"","background-media":"","overlay-type":"","overlay-color":"","overlay-opacity":"","overlay-gradient":""}}},"product_brand":[],"product_cat":[23],"product_tag":[],"class_list":{"0":"post-5314","1":"product","2":"type-product","3":"status-publish","4":"has-post-thumbnail","6":"product_cat-casas","7":"desktop-align-left","8":"tablet-align-left","9":"mobile-align-left","11":"first","12":"instock","13":"shipping-taxable","14":"product-type-simple"},"_links":{"self":[{"href":"https:\/\/ergriinmobiliaria.com\/propiedades\/wp-json\/wp\/v2\/product\/5314","targetHints":{"allow":["GET"]}}],"collection":[{"href":"https:\/\/ergriinmobiliaria.com\/propiedades\/wp-json\/wp\/v2\/product"}],"about":[{"href":"https:\/\/ergriinmobiliaria.com\/propiedades\/wp-json\/wp\/v2\/types\/product"}],"wp:featuredmedia":[{"embeddable":true,"href":"https:\/\/ergriinmobiliaria.com\/propiedades\/wp-json\/wp\/v2\/media\/5315"}],"wp:attachment":[{"href":"https:\/\/ergriinmobiliaria.com\/propiedades\/wp-json\/wp\/v2\/media?parent=5314"}],"wp:term":[{"taxonomy":"product_brand","embeddable":true,"href":"https:\/\/ergriinmobiliaria.com\/propiedades\/wp-json\/wp\/v2\/product_brand?post=5314"},{"taxonomy":"product_cat","embeddable":true,"href":"https:\/\/ergriinmobiliaria.com\/propiedades\/wp-json\/wp\/v2\/product_cat?post=5314"},{"taxonomy":"product_tag","embeddable":true,"href":"https:\/\/ergriinmobiliaria.com\/propiedades\/wp-json\/wp\/v2\/product_tag?post=5314"}],"curies":[{"name":"wp","href":"https:\/\/api.w.org\/{rel}","templated":true}]}}