{"id":5350,"date":"2025-07-21T20:22:46","date_gmt":"2025-07-21T20:22:46","guid":{"rendered":"https:\/\/ergriinmobiliaria.com\/propiedades\/?post_type=product&#038;p=5350"},"modified":"2025-07-21T20:22:59","modified_gmt":"2025-07-21T20:22:59","slug":"vive-en-la-zona-panoramica-de-bugambilias","status":"publish","type":"product","link":"https:\/\/ergriinmobiliaria.com\/propiedades\/producto\/vive-en-la-zona-panoramica-de-bugambilias\/","title":{"rendered":"Vive en la zona panor\u00e1mica de Bugambilias"},"content":{"rendered":"<p>Vive en la zona panor\u00e1mica de Bugambilias, rodeado de la naturaleza y tranquilidad!!! Cerca de Escuelas, plaza comercial.<br \/>\nLa casa se distribuye de la siguiente manera;<\/p>\n<p>Planta baja (s\u00f3tano): Cocheras, aljibe con capacidad de 20,000 lts, bomba e hidroneum\u00e1tico, sistema de riego bird.<\/p>\n<p>1er planta: Cocina integral, Sala-Comedor, Alacena, Antecomedor, \u00e1rea de refrigerador y lavado, el \u00e1rea de servicio cuenta con boiler y espacio para tender, adem\u00e1s de una biblioteca con ba\u00f1o completo, asi como Terraza-Jard\u00edn al frente del inmueble y terraza posterior del mismo.<\/p>\n<p>2da planta: 3 Habitaciones, Closet&#8217;s, 2 ba\u00f1os completos y 1 rec\u00e1mara para servidumbre con\u00a0ba\u00f1o\u00a0completo.<\/p>\n<p><strong>Solicitar precio<\/strong><\/p>\n","protected":false},"excerpt":{"rendered":"<p>Vive en la zona panor\u00e1mica de Bugambilias, rodeado de la naturaleza y tranquilidad!!! Cerca de Escuelas, plaza comercial.<\/p>\n<p><strong>Solicitar precio<\/strong><\/p>\n","protected":false},"featured_media":5351,"template":"","meta":{"site-sidebar-layout":"default","site-content-layout":"","ast-site-content-layout":"default","site-content-style":"default","site-sidebar-style":"default","ast-global-header-display":"","ast-banner-title-visibility":"","ast-main-header-display":"","ast-hfb-above-header-display":"","ast-hfb-below-header-display":"","ast-hfb-mobile-header-display":"","site-post-title":"","ast-breadcrumbs-content":"","ast-featured-img":"","footer-sml-layout":"","theme-transparent-header-meta":"default","adv-header-id-meta":"","stick-header-meta":"","header-above-stick-meta":"","header-main-stick-meta":"","header-below-stick-meta":"","astra-migrate-meta-layouts":"set","ast-page-background-enabled":"default","ast-page-background-meta":{"desktop":{"background-color":"","background-image":"","background-repeat":"repeat","background-position":"center center","background-size":"auto","background-attachment":"scroll","background-type":"","background-media":"","overlay-type":"","overlay-color":"","overlay-opacity":"","overlay-gradient":""},"tablet":{"background-color":"","background-image":"","background-repeat":"repeat","background-position":"center center","background-size":"auto","background-attachment":"scroll","background-type":"","background-media":"","overlay-type":"","overlay-color":"","overlay-opacity":"","overlay-gradient":""},"mobile":{"background-color":"","background-image":"","background-repeat":"repeat","background-position":"center center","background-size":"auto","background-attachment":"scroll","background-type":"","background-media":"","overlay-type":"","overlay-color":"","overlay-opacity":"","overlay-gradient":""}},"ast-content-background-meta":{"desktop":{"background-color":"var(--ast-global-color-5)","background-image":"","background-repeat":"repeat","background-position":"center center","background-size":"auto","background-attachment":"scroll","background-type":"","background-media":"","overlay-type":"","overlay-color":"","overlay-opacity":"","overlay-gradient":""},"tablet":{"background-color":"var(--ast-global-color-5)","background-image":"","background-repeat":"repeat","background-position":"center center","background-size":"auto","background-attachment":"scroll","background-type":"","background-media":"","overlay-type":"","overlay-color":"","overlay-opacity":"","overlay-gradient":""},"mobile":{"background-color":"var(--ast-global-color-5)","background-image":"","background-repeat":"repeat","background-position":"center center","background-size":"auto","background-attachment":"scroll","background-type":"","background-media":"","overlay-type":"","overlay-color":"","overlay-opacity":"","overlay-gradient":""}}},"product_brand":[],"product_cat":[23],"product_tag":[],"class_list":{"0":"post-5350","1":"product","2":"type-product","3":"status-publish","4":"has-post-thumbnail","6":"product_cat-casas","7":"desktop-align-left","8":"tablet-align-left","9":"mobile-align-left","11":"first","12":"instock","13":"shipping-taxable","14":"product-type-simple"},"_links":{"self":[{"href":"https:\/\/ergriinmobiliaria.com\/propiedades\/wp-json\/wp\/v2\/product\/5350","targetHints":{"allow":["GET"]}}],"collection":[{"href":"https:\/\/ergriinmobiliaria.com\/propiedades\/wp-json\/wp\/v2\/product"}],"about":[{"href":"https:\/\/ergriinmobiliaria.com\/propiedades\/wp-json\/wp\/v2\/types\/product"}],"wp:featuredmedia":[{"embeddable":true,"href":"https:\/\/ergriinmobiliaria.com\/propiedades\/wp-json\/wp\/v2\/media\/5351"}],"wp:attachment":[{"href":"https:\/\/ergriinmobiliaria.com\/propiedades\/wp-json\/wp\/v2\/media?parent=5350"}],"wp:term":[{"taxonomy":"product_brand","embeddable":true,"href":"https:\/\/ergriinmobiliaria.com\/propiedades\/wp-json\/wp\/v2\/product_brand?post=5350"},{"taxonomy":"product_cat","embeddable":true,"href":"https:\/\/ergriinmobiliaria.com\/propiedades\/wp-json\/wp\/v2\/product_cat?post=5350"},{"taxonomy":"product_tag","embeddable":true,"href":"https:\/\/ergriinmobiliaria.com\/propiedades\/wp-json\/wp\/v2\/product_tag?post=5350"}],"curies":[{"name":"wp","href":"https:\/\/api.w.org\/{rel}","templated":true}]}}