{"id":5363,"date":"2025-07-21T20:27:38","date_gmt":"2025-07-21T20:27:38","guid":{"rendered":"https:\/\/ergriinmobiliaria.com\/propiedades\/?post_type=product&#038;p=5363"},"modified":"2025-07-21T20:27:38","modified_gmt":"2025-07-21T20:27:38","slug":"%f0%9f%8f%a1-casa-en-coto-privado-venta-cerca-zapopan-centro%e2%80%bc-%f0%9f%92%b0precio-de-venta-4250000-00-%f0%9f%8f%a6aceptamos-creditos-hipotecario","status":"publish","type":"product","link":"https:\/\/ergriinmobiliaria.com\/propiedades\/producto\/%f0%9f%8f%a1-casa-en-coto-privado-venta-cerca-zapopan-centro%e2%80%bc-%f0%9f%92%b0precio-de-venta-4250000-00-%f0%9f%8f%a6aceptamos-creditos-hipotecario\/","title":{"rendered":"\ud83c\udfe1 Casa en Coto Privado, Venta, Cerca Zapopan Centro\u203c \ud83d\udcb0Precio de Venta $4,250,000.00 \ud83c\udfe6Aceptamos cr\u00e9ditos\u00a0Hipotecario"},"content":{"rendered":"<p>\ud83c\udfe1 Casa en Coto Privado, Venta, Cerca Zapopan Centro\u203c<br \/>\n\ud83d\udccd Prolongaci\u00f3n L\u00f3pez Cotilla #235-24, Vig\u00eda, Zapopan, Jalisco.<\/p>\n<p>\ud83d\udd1dPlus:<br \/>\n\u00bfBuscas tranquilidad? este coto de solo 28 casas es una incre\u00edble opci\u00f3n para vivir con tu familia y adem\u00e1s con una gran ubicaci\u00f3n, cerca de \ud83c\udfdf Uteg, Cucea, Cucsh, Asi como del Auditorio Telmex y a unos pasos de \ud83d\ude89 la l\u00ednea 3 del tren ligero. y todo tipo de negocios y comercios en los alrededores, Avenidas como Perif\u00e9rico, Laureles, Parres Arias.<br \/>\n\ud83d\udcdd Detalles de la Propiedad:<br \/>\n\ud83c\udfe0 Construcci\u00f3n: 143mts.<br \/>\n\ud83c\udf0d Terreno: 112mts\u00b2<br \/>\n\ud83c\udf1f Caracter\u00edsticas Destacadas:<br \/>\n\ud83d\udecf 3 Rec\u00e1maras (Principal ba\u00f1o y vestidor).<br \/>\n\ud83d\udebf 2 Ba\u00f1os Completos.<br \/>\n\ud83d\udebdMedio Ba\u00f1o en P.B.<br \/>\n\ud83d\udecb Sala y Comedor y star de t.v.<br \/>\n\ud83c\udf7d Cocina Integral.<br \/>\n\ud83e\uddfa Patio de servicio.<br \/>\n\ud83d\ude97 Cochera para 2 Veh\u00edculo. \ud83d\udeaacloset en todas las habitaciones. \ud83d\udeaaPatio trasero amplio.<br \/>\n\ud83c\udf43 Excelente ventilaci\u00f3n e iluminaci\u00f3n en la casa.<br \/>\n\ud83d\udcb0Precio de Venta $4,250,000.00 \ud83c\udfe6Aceptamos cr\u00e9ditos\u00a0Hipotecario<\/p>\n","protected":false},"excerpt":{"rendered":"<p>\ud83c\udfe1 Casa en Coto Privado, Venta, Cerca Zapopan Centro\u203c<br \/>\n\ud83d\udccd Prolongaci\u00f3n L\u00f3pez Cotilla #235-24, Vig\u00eda, Zapopan, Jalisco.<br \/>\n\ud83d\udcb0Precio de Venta $4,250,000.00 \ud83c\udfe6Aceptamos cr\u00e9ditos\u00a0Hipotecario<\/p>\n","protected":false},"featured_media":5364,"template":"","meta":{"site-sidebar-layout":"default","site-content-layout":"","ast-site-content-layout":"default","site-content-style":"default","site-sidebar-style":"default","ast-global-header-display":"","ast-banner-title-visibility":"","ast-main-header-display":"","ast-hfb-above-header-display":"","ast-hfb-below-header-display":"","ast-hfb-mobile-header-display":"","site-post-title":"","ast-breadcrumbs-content":"","ast-featured-img":"","footer-sml-layout":"","theme-transparent-header-meta":"default","adv-header-id-meta":"","stick-header-meta":"","header-above-stick-meta":"","header-main-stick-meta":"","header-below-stick-meta":"","astra-migrate-meta-layouts":"set","ast-page-background-enabled":"default","ast-page-background-meta":{"desktop":{"background-color":"","background-image":"","background-repeat":"repeat","background-position":"center center","background-size":"auto","background-attachment":"scroll","background-type":"","background-media":"","overlay-type":"","overlay-color":"","overlay-opacity":"","overlay-gradient":""},"tablet":{"background-color":"","background-image":"","background-repeat":"repeat","background-position":"center center","background-size":"auto","background-attachment":"scroll","background-type":"","background-media":"","overlay-type":"","overlay-color":"","overlay-opacity":"","overlay-gradient":""},"mobile":{"background-color":"","background-image":"","background-repeat":"repeat","background-position":"center center","background-size":"auto","background-attachment":"scroll","background-type":"","background-media":"","overlay-type":"","overlay-color":"","overlay-opacity":"","overlay-gradient":""}},"ast-content-background-meta":{"desktop":{"background-color":"var(--ast-global-color-5)","background-image":"","background-repeat":"repeat","background-position":"center center","background-size":"auto","background-attachment":"scroll","background-type":"","background-media":"","overlay-type":"","overlay-color":"","overlay-opacity":"","overlay-gradient":""},"tablet":{"background-color":"var(--ast-global-color-5)","background-image":"","background-repeat":"repeat","background-position":"center center","background-size":"auto","background-attachment":"scroll","background-type":"","background-media":"","overlay-type":"","overlay-color":"","overlay-opacity":"","overlay-gradient":""},"mobile":{"background-color":"var(--ast-global-color-5)","background-image":"","background-repeat":"repeat","background-position":"center center","background-size":"auto","background-attachment":"scroll","background-type":"","background-media":"","overlay-type":"","overlay-color":"","overlay-opacity":"","overlay-gradient":""}}},"product_brand":[],"product_cat":[23],"product_tag":[],"class_list":{"0":"post-5363","1":"product","2":"type-product","3":"status-publish","4":"has-post-thumbnail","6":"product_cat-casas","7":"desktop-align-left","8":"tablet-align-left","9":"mobile-align-left","11":"first","12":"instock","13":"shipping-taxable","14":"product-type-simple"},"_links":{"self":[{"href":"https:\/\/ergriinmobiliaria.com\/propiedades\/wp-json\/wp\/v2\/product\/5363","targetHints":{"allow":["GET"]}}],"collection":[{"href":"https:\/\/ergriinmobiliaria.com\/propiedades\/wp-json\/wp\/v2\/product"}],"about":[{"href":"https:\/\/ergriinmobiliaria.com\/propiedades\/wp-json\/wp\/v2\/types\/product"}],"wp:featuredmedia":[{"embeddable":true,"href":"https:\/\/ergriinmobiliaria.com\/propiedades\/wp-json\/wp\/v2\/media\/5364"}],"wp:attachment":[{"href":"https:\/\/ergriinmobiliaria.com\/propiedades\/wp-json\/wp\/v2\/media?parent=5363"}],"wp:term":[{"taxonomy":"product_brand","embeddable":true,"href":"https:\/\/ergriinmobiliaria.com\/propiedades\/wp-json\/wp\/v2\/product_brand?post=5363"},{"taxonomy":"product_cat","embeddable":true,"href":"https:\/\/ergriinmobiliaria.com\/propiedades\/wp-json\/wp\/v2\/product_cat?post=5363"},{"taxonomy":"product_tag","embeddable":true,"href":"https:\/\/ergriinmobiliaria.com\/propiedades\/wp-json\/wp\/v2\/product_tag?post=5363"}],"curies":[{"name":"wp","href":"https:\/\/api.w.org\/{rel}","templated":true}]}}